{"id":62,"date":"2019-08-19T08:13:07","date_gmt":"2019-08-19T08:13:07","guid":{"rendered":"http:\/\/savourerlavie.org\/?page_id=62"},"modified":"2019-08-19T09:30:09","modified_gmt":"2019-08-19T09:30:09","slug":"le-projet","status":"publish","type":"page","link":"https:\/\/savourerlavie.org\/index.php\/le-projet\/","title":{"rendered":"Le projet"},"content":{"rendered":"\t\t<div data-elementor-type=\"wp-post\" data-elementor-id=\"62\" class=\"elementor elementor-62\">\n\t\t\t\t\t\t<section class=\"elementor-section elementor-top-section elementor-element elementor-element-438e233d elementor-section-boxed elementor-section-height-default elementor-section-height-default\" data-id=\"438e233d\" data-element_type=\"section\">\n\t\t\t\t\t\t<div class=\"elementor-container elementor-column-gap-default\">\n\t\t\t\t\t<div class=\"elementor-column elementor-col-100 elementor-top-column elementor-element elementor-element-7f135f40\" data-id=\"7f135f40\" data-element_type=\"column\">\n\t\t\t<div class=\"elementor-widget-wrap elementor-element-populated\">\n\t\t\t\t\t\t<div class=\"elementor-element elementor-element-dbdeab9 elementor-widget elementor-widget-text-editor\" data-id=\"dbdeab9\" data-element_type=\"widget\" data-widget_type=\"text-editor.default\">\n\t\t\t\t<div class=\"elementor-widget-container\">\n\t\t\t\t\t\t\t<p><!-- wp:paragraph --><\/p>\n<p>Les<strong> auteurs\u00a0:<\/strong><\/p>\n<p><!-- \/wp:paragraph --><\/p>\n<p><!-- wp:image {\"id\":63,\"align\":\"center\",\"width\":462,\"height\":346} --><\/p>\n<div class=\"wp-block-image\">\n<figure class=\"aligncenter is-resized\"><img fetchpriority=\"high\" decoding=\"async\" class=\"wp-image-63\" src=\"http:\/\/savourerlavie.org\/wp-content\/uploads\/2019\/08\/photo-2019.4-1024x768.jpg\" alt=\"\" width=\"462\" height=\"346\" srcset=\"https:\/\/savourerlavie.org\/wp-content\/uploads\/2019\/08\/photo-2019.4-1024x768.jpg 1024w, https:\/\/savourerlavie.org\/wp-content\/uploads\/2019\/08\/photo-2019.4-300x225.jpg 300w, https:\/\/savourerlavie.org\/wp-content\/uploads\/2019\/08\/photo-2019.4-768x576.jpg 768w, https:\/\/savourerlavie.org\/wp-content\/uploads\/2019\/08\/photo-2019.4.jpg 2016w\" sizes=\"(max-width: 462px) 100vw, 462px\" \/>\n<p>\u00a0<\/p>\n<figcaption>de gauche \u00e0 doirte: Cosette Odier, Maurice Gardiol, <br \/>Josette Morel et Thomas Ryan<\/figcaption>\n<\/figure>\n<\/div>\n<p><!-- \/wp:image --><\/p>\n<p><!-- wp:paragraph --><\/p>\n<p>\u00a0<\/p>\n<p><!-- \/wp:paragraph --><\/p>\n<p><!-- wp:paragraph --><\/p>\n<p><strong><em>Cosette Odier<\/em><\/strong>, apr\u00e8s avoir travaill\u00e9 de nombreuses ann\u00e9es comme pasteure dans une \u00e9quipe de soins palliatifs \u00e0 Gen\u00e8ve, \u00a0a \u00e9t\u00e9 responsable de formation en \u00e9ducation pastorale clinique au Centre hospitalier universitaire vaudois. Elle est l&rsquo;auteure de plusieurs articles et a particip\u00e9 \u00e0 divers colloques au sujet de l&rsquo;accompagnement spirituel dans le domaine des soins. <a href=\"https:\/\/www.youtube.com\/watch?v=hwnKKMCFR-U\" target=\"_blank\" rel=\"noreferrer noopener\" aria-label=\"https:\/\/www.youtube.com\/watch?v=hwnKKMCFR-U (s\u2019ouvre dans un nouvel onglet)\">https:\/\/www.youtube.com\/watch?v=hwnKKMCFR-U<\/a><\/p>\n<p><!-- \/wp:paragraph --><\/p>\n<p><!-- wp:paragraph --><\/p>\n<p><strong><em>Josette Morel<\/em>,<\/strong> travailleuse sociale, a \u00e9t\u00e9 animatrice des Unions chr\u00e9tiennes f\u00e9minines vaudoises. Dans ce cadre elle a eu l\u2019occasion d\u2019organiser plusieurs sessions \u00ab\u00a0savourer la vie\u00a0\u00bb.<\/p>\n<p><!-- \/wp:paragraph --><\/p>\n<p><!-- wp:paragraph --><\/p>\n<p><strong><em>Maurice Gardiol<\/em><\/strong>, a \u00e9t\u00e9 diacre dans de l\u2019\u00c9glise protestante de Gen\u00e8ve. Il a travaill\u00e9 comme aum\u00f4nier aupr\u00e8s des r\u00e9fugi\u00e9s et des personnes d\u00e9tenues. Il est membre de la Plateforme interreligieuse de Gen\u00e8ve (www.interreligieux.ch) et coordonne une <a href=\"http:\/\/www.interreligieux.ch\/liens\/gi-spi\/\" target=\"_blank\" rel=\"noreferrer noopener\" aria-label=\"\u00e9quipe interreligieuse de soutien spirituel en cas de catastrophe. (s\u2019ouvre dans un nouvel onglet)\">\u00e9quipe interreligieuse de soutien spirituel en cas de catastrophe.<\/a><\/p>\n<p><!-- \/wp:paragraph --><\/p>\t\t\t\t\t\t<\/div>\n\t\t\t\t<\/div>\n\t\t\t\t\t<\/div>\n\t\t<\/div>\n\t\t\t\t\t<\/div>\n\t\t<\/section>\n\t\t\t\t<section class=\"elementor-section elementor-top-section elementor-element elementor-element-5aa488c elementor-section-boxed elementor-section-height-default elementor-section-height-default\" data-id=\"5aa488c\" data-element_type=\"section\">\n\t\t\t\t\t\t<div class=\"elementor-container elementor-column-gap-default\">\n\t\t\t\t\t<div class=\"elementor-column elementor-col-50 elementor-top-column elementor-element elementor-element-c03830b\" data-id=\"c03830b\" data-element_type=\"column\">\n\t\t\t<div class=\"elementor-widget-wrap elementor-element-populated\">\n\t\t\t\t\t\t<div class=\"elementor-element elementor-element-fdbc03f elementor-widget elementor-widget-text-editor\" data-id=\"fdbc03f\" data-element_type=\"widget\" data-widget_type=\"text-editor.default\">\n\t\t\t\t<div class=\"elementor-widget-container\">\n\t\t\t\t\t\t\t<p><em><strong>Thomas Ryan<\/strong>,<\/em> pr\u00eatre, anime depuis de nombreuses ann\u00e9es des sessions de formation sur la m\u00e9ditation et divers aspects de la spiritualit\u00e9 aux Etats-Unis, au Canada et en Europe. Il est \u00e0 l\u2019origine de ce parcours permettant de \u00ab\u00a0faire face \u00e0 sa mortalit\u00e9\u00a0\u00bb. Il est aussi l&rsquo;auteur de plusieurs ouvrages et articles. Pour plus d&rsquo;informations voir son site: <a href=\"http:\/\/tomryancsp.org\/\" target=\"_blank\" rel=\"noreferrer noopener\" aria-label=\"http:\/\/tomryancsp.org\/ (s\u2019ouvre dans un nouvel onglet)\">http:\/\/tomryancsp.org\/<\/a><\/p>\n<p>Il a aussi publi\u00e9 une \u00e9dition anglaise adapt\u00e9e de \u00ab\u00a0Souviens-toi de vivre\u00a0\u00bb.<\/p>\t\t\t\t\t\t<\/div>\n\t\t\t\t<\/div>\n\t\t\t\t\t<\/div>\n\t\t<\/div>\n\t\t\t\t<div class=\"elementor-column elementor-col-50 elementor-top-column elementor-element elementor-element-74792e3\" data-id=\"74792e3\" data-element_type=\"column\">\n\t\t\t<div class=\"elementor-widget-wrap elementor-element-populated\">\n\t\t\t\t\t\t<div class=\"elementor-element elementor-element-4092794 elementor-widget elementor-widget-image\" data-id=\"4092794\" data-element_type=\"widget\" data-widget_type=\"image.default\">\n\t\t\t\t<div class=\"elementor-widget-container\">\n\t\t\t\t\t\t\t\t\t\t\t\t\t<img decoding=\"async\" width=\"683\" height=\"1024\" src=\"https:\/\/savourerlavie.org\/wp-content\/uploads\/2019\/08\/remember-683x1024.jpg\" class=\"attachment-large size-large wp-image-72\" alt=\"\" srcset=\"https:\/\/savourerlavie.org\/wp-content\/uploads\/2019\/08\/remember-683x1024.jpg 683w, https:\/\/savourerlavie.org\/wp-content\/uploads\/2019\/08\/remember-200x300.jpg 200w, https:\/\/savourerlavie.org\/wp-content\/uploads\/2019\/08\/remember-768x1152.jpg 768w, https:\/\/savourerlavie.org\/wp-content\/uploads\/2019\/08\/remember.jpg 800w\" sizes=\"(max-width: 683px) 100vw, 683px\" \/>\t\t\t\t\t\t\t\t\t\t\t\t\t<\/div>\n\t\t\t\t<\/div>\n\t\t\t\t\t<\/div>\n\t\t<\/div>\n\t\t\t\t\t<\/div>\n\t\t<\/section>\n\t\t\t\t<section class=\"elementor-section elementor-top-section elementor-element elementor-element-153aeff elementor-section-boxed elementor-section-height-default elementor-section-height-default\" data-id=\"153aeff\" data-element_type=\"section\">\n\t\t\t\t\t\t<div class=\"elementor-container elementor-column-gap-default\">\n\t\t\t\t\t<div class=\"elementor-column elementor-col-100 elementor-top-column elementor-element elementor-element-ba7821d\" data-id=\"ba7821d\" data-element_type=\"column\">\n\t\t\t<div class=\"elementor-widget-wrap elementor-element-populated\">\n\t\t\t\t\t\t<div class=\"elementor-element elementor-element-26f4eb0 elementor-widget elementor-widget-text-editor\" data-id=\"26f4eb0\" data-element_type=\"widget\" data-widget_type=\"text-editor.default\">\n\t\t\t\t<div class=\"elementor-widget-container\">\n\t\t\t\t\t\t\t<p>CITATIONS<\/p>\t\t\t\t\t\t<\/div>\n\t\t\t\t<\/div>\n\t\t\t\t<div class=\"elementor-element elementor-element-73a6a62 elementor-widget elementor-widget-text-editor\" data-id=\"73a6a62\" data-element_type=\"widget\" data-widget_type=\"text-editor.default\">\n\t\t\t\t<div class=\"elementor-widget-container\">\n\t\t\t\t\t\t\t<p><img decoding=\"async\" class=\"size-thumbnail wp-image-87 alignright\" src=\"http:\/\/savourerlavie.org\/wp-content\/uploads\/2019\/08\/auteur2-150x150.jpg\" alt=\"\" width=\"150\" height=\"150\" \/>Vieillir ne me d\u00e9range pas car c\u2019est le seul truc qu\u2019on ait trouv\u00e9 pour ne pas mourir jeune.<br \/><em>Woody Allen<\/em><\/p>\n<p>Vieillir, c\u2019est passer de la passion \u00e0 la compassion.<br \/><em>Albert Camus<\/em><\/p>\n<p>Le rire c\u2019est comme les essuie-glaces, cela n\u2019arr\u00eate pas la pluie mais \u00e7a permet d\u2019avancer<br \/><em>Dominique Auduc<\/em>, pr\u00eatre clown<\/p>\n<p>Il faut mourir souvent pour rester vivant<br \/><em>Catherine Enjolet<\/em><\/p>\n<p>Seuls les gens dont le bonheur ne d\u00e9pend pas de ce qu\u2019ils ont ou n\u2019ont pas connaissent la paix de l\u2019\u00e2me. C\u2019est grand la mort, c\u2019est plein de vie dedans!<br \/><em>F\u00e9lix Leclerc<\/em><\/p>\n<p>Le vrai probl\u00e8me n\u2019est pas de savoir si nous serons vivants apr\u00e8s la mort mais si nous serons vivants avant la mort!<br \/><em>Maurice Zundel<\/em><\/p>\n<p>Le plus long chemin au monde est le chemin entre la t\u00eate et le c\u0153ur.<br \/><em>Source commune\u00a0\u00a0\u00a0\u00a0<\/em>\u00a0\u00a0\u00a0<\/p>\n<p>La vie physique ne tient qu\u2019\u00e0 un souffle. La vie spirituelle ne tient qu\u2019\u00e0 la conscience du soufle.<br \/><em>Eckhart Tolle<\/em><\/p>\n<p>Mon c\u0153ur craint de souffrir (\u2026)<br \/>Dis-lui que la crainte de la souffrance est pire que la souffrance elle-m\u00eame.<br \/><em>Paulo Coelho<\/em><\/p>\n<p>Hier, c\u2019est l\u2019histoire.<br \/>Demain, c\u2019est le myst\u00e8re,<br \/>Et aujourd\u2019hui est un cadeau,<br \/>C\u2019est pourquoi on le nomme \u00ab\u00a0pr\u00e9sent\u00a0\u00bb<br \/><em>Marie Lloyd<\/em><\/p>\n<p><strong>Aujourd\u2019hui est le premier jour de ce qui me reste \u00e0 vivre. <br \/>J\u2019ai donc une bonne raison de le f\u00eater.<\/strong><\/p>\n<p>\u00a0<\/p>\n<p>Lou\u00e9, mon Seigneur, sois-tu pour s\u0153ur la mort corporelle, \u00e0 qui nul ne saurait \u00e9chapper.<br \/><em>Saint Fran\u00e7ois d\u2019Assise, Cantique des Cr\u00e9atures, 13<sup>\u00e8me<\/sup> si\u00e8cle<\/em><\/p>\n<p>L\u2019erreur fondamentale (\u2026) est d\u2019opposer la mort et la vie. La vraie paire d\u2019antonymes est naissance et mort, le passage du commencement et le passage de la fin. Et ce qui passe par ces deux portes et qui s\u2019y engouffre, c\u2019est, dans les deux cas, la vie.<br \/><em>Christiane Singer<\/em><\/p>\n<p>Renversement des choses, Pour moi avant, il y avait la vie d\u2019abord et puis la mort. Celle-ci mena\u00e7ant sans cesse la premi\u00e8re. Et maintenant la mort, en premier lieu, et puis la vie. Celle-ci triomphant sans cesse de celle-l\u00e0.<br \/><em>Georges Haldas<\/em><\/p>\n<p>Le Christ Ressuscit\u00e9 fait de la vie de l\u2019homme une f\u00eate continuelle.<br \/><em>St Athanase<\/em><\/p>\n<p>\u00a0<\/p>\t\t\t\t\t\t<\/div>\n\t\t\t\t<\/div>\n\t\t\t\t\t<\/div>\n\t\t<\/div>\n\t\t\t\t\t<\/div>\n\t\t<\/section>\n\t\t\t\t<\/div>\n\t\t","protected":false},"excerpt":{"rendered":"<p>Les auteurs\u00a0: \u00a0 Cosette Odier, apr\u00e8s avoir travaill\u00e9 de nombreuses ann\u00e9es comme pasteure dans une \u00e9quipe de soins palliatifs \u00e0 Gen\u00e8ve, \u00a0a \u00e9t\u00e9 responsable de formation en \u00e9ducation pastorale clinique au Centre hospitalier universitaire vaudois. Elle est l&rsquo;auteure de plusieurs articles et a particip\u00e9 \u00e0 divers colloques au sujet de l&rsquo;accompagnement spirituel dans le domaine [&hellip;]<\/p>\n","protected":false},"author":1,"featured_media":0,"parent":0,"menu_order":0,"comment_status":"closed","ping_status":"closed","template":"","meta":{"footnotes":""},"_links":{"self":[{"href":"https:\/\/savourerlavie.org\/index.php\/wp-json\/wp\/v2\/pages\/62"}],"collection":[{"href":"https:\/\/savourerlavie.org\/index.php\/wp-json\/wp\/v2\/pages"}],"about":[{"href":"https:\/\/savourerlavie.org\/index.php\/wp-json\/wp\/v2\/types\/page"}],"author":[{"embeddable":true,"href":"https:\/\/savourerlavie.org\/index.php\/wp-json\/wp\/v2\/users\/1"}],"replies":[{"embeddable":true,"href":"https:\/\/savourerlavie.org\/index.php\/wp-json\/wp\/v2\/comments?post=62"}],"version-history":[{"count":14,"href":"https:\/\/savourerlavie.org\/index.php\/wp-json\/wp\/v2\/pages\/62\/revisions"}],"predecessor-version":[{"id":90,"href":"https:\/\/savourerlavie.org\/index.php\/wp-json\/wp\/v2\/pages\/62\/revisions\/90"}],"wp:attachment":[{"href":"https:\/\/savourerlavie.org\/index.php\/wp-json\/wp\/v2\/media?parent=62"}],"curies":[{"name":"wp","href":"https:\/\/api.w.org\/{rel}","templated":true}]}}