{"id":21,"date":"2019-06-22T10:38:04","date_gmt":"2019-06-22T10:38:04","guid":{"rendered":"http:\/\/savourerlavie.org\/?page_id=21"},"modified":"2022-10-05T12:17:08","modified_gmt":"2022-10-05T12:17:08","slug":"elementor-21","status":"publish","type":"page","link":"https:\/\/savourerlavie.org\/","title":{"rendered":"Bienvenue !"},"content":{"rendered":"\n<figure class=\"wp-block-gallery has-nested-images columns-default is-cropped wp-block-gallery-1 is-layout-flex wp-block-gallery-is-layout-flex\">\n<figure class=\"wp-block-image\"><img fetchpriority=\"high\" decoding=\"async\" width=\"633\" height=\"1024\" data-id=\"9\" src=\"http:\/\/savourerlavie.org\/wp-content\/uploads\/2019\/06\/couv1b-1-633x1024.jpg\" alt=\"\" class=\"wp-image-9\" srcset=\"https:\/\/savourerlavie.org\/wp-content\/uploads\/2019\/06\/couv1b-1-633x1024.jpg 633w, https:\/\/savourerlavie.org\/wp-content\/uploads\/2019\/06\/couv1b-1-185x300.jpg 185w, https:\/\/savourerlavie.org\/wp-content\/uploads\/2019\/06\/couv1b-1.jpg 640w\" sizes=\"(max-width: 633px) 100vw, 633px\" \/><\/figure>\n\n\n\n<figure class=\"wp-block-image\"><img decoding=\"async\" width=\"640\" height=\"893\" data-id=\"26\" src=\"http:\/\/savourerlavie.org\/wp-content\/uploads\/2019\/06\/couv4b.jpg\" alt=\"\" class=\"wp-image-26\" srcset=\"https:\/\/savourerlavie.org\/wp-content\/uploads\/2019\/06\/couv4b.jpg 640w, https:\/\/savourerlavie.org\/wp-content\/uploads\/2019\/06\/couv4b-215x300.jpg 215w\" sizes=\"(max-width: 640px) 100vw, 640px\" \/><\/figure>\n<\/figure>\n\n\n\n<p><\/p>\n\n\n\n<p class=\"has-vivid-cyan-blue-color has-white-background-color has-text-color has-background has-medium-font-size\"><a href=\"https:\/\/editionsouverture.ch\/livres\/catalogue\/souffrances-et-maladie\/souviens-toi-de-vivre\/\" target=\"_blank\" rel=\"noreferrer noopener\">Quelques exemplaires papiers sont encore disponible aux \u00e9ditions Ouverture. Pour le commander, cliquez ici!<\/a><\/p>\n\n\n\n<p><\/p>\n\n\n\n<h2 class=\"has-text-align-center wp-block-heading\"><a rel=\"noreferrer noopener\" aria-label=\"Ce livre \u00e9tant maintenant \u00e9puis\u00e9, vous pouvez le t\u00e9l\u00e9charger gratuitement en cliquant ici (s\u2019ouvre dans un nouvel onglet)\" href=\"http:\/\/savourerlavie.org\/wp-content\/uploads\/2019\/06\/savourer-r\u00e9edition-web.pdf\" target=\"_blank\"><strong>Vous pouvez aussi le t\u00e9l\u00e9charger gratuitement en <\/strong>cliquant ici<\/a><\/h2>\n\n\n\n<p><\/p>\n\n\n\n<h5 class=\"has-text-align-center wp-block-heading\"><a rel=\"noreferrer noopener\" aria-label=\"Livre aussi disponible \u00e0 l'\u00e9coute dans la biblioth\u00e8que sonore romande (s\u2019ouvre dans un nouvel onglet)\" href=\"https:\/\/www.bibliothequesonore.ch\/livre\/18279\" target=\"_blank\">Livre aussi disponible \u00e0 l&rsquo;\u00e9coute <\/a><br><a rel=\"noreferrer noopener\" aria-label=\"Livre aussi disponible \u00e0 l'\u00e9coute dans la biblioth\u00e8que sonore romande (s\u2019ouvre dans un nouvel onglet)\" href=\"https:\/\/www.bibliothequesonore.ch\/livre\/18279\" target=\"_blank\">dans la biblioth\u00e8que sonore romande<\/a><\/h5>\n\n\n\n<p><\/p>\n\n\n\n<p class=\"has-text-align-center\"><strong>Si vous t\u00e9l\u00e9charg\u00e9 le livre, ous pouvez faire un don \u00e0 la Fondation Ouverture <\/strong><\/p>\n\n\n\n<p class=\"has-text-align-center\"><strong>pour ses projets d&rsquo;\u00e9dition:  IBAN CH90 0900 0000 5051 4067 3   &#8211;   CCP 50-514067-3 <\/strong><\/p>\n\n\n\n<p class=\"has-text-align-center\"><\/p>\n","protected":false},"excerpt":{"rendered":"<p>Quelques exemplaires papiers sont encore disponible aux \u00e9ditions Ouverture. Pour le commander, cliquez ici! Vous pouvez aussi le t\u00e9l\u00e9charger gratuitement en cliquant ici Livre aussi disponible \u00e0 l&rsquo;\u00e9coute dans la biblioth\u00e8que sonore romande Si vous t\u00e9l\u00e9charg\u00e9 le livre, ous pouvez faire un don \u00e0 la Fondation Ouverture pour ses projets d&rsquo;\u00e9dition: IBAN CH90 0900 0000 [&hellip;]<\/p>\n","protected":false},"author":1,"featured_media":0,"parent":0,"menu_order":0,"comment_status":"closed","ping_status":"closed","template":"","meta":{"footnotes":""},"_links":{"self":[{"href":"https:\/\/savourerlavie.org\/index.php\/wp-json\/wp\/v2\/pages\/21"}],"collection":[{"href":"https:\/\/savourerlavie.org\/index.php\/wp-json\/wp\/v2\/pages"}],"about":[{"href":"https:\/\/savourerlavie.org\/index.php\/wp-json\/wp\/v2\/types\/page"}],"author":[{"embeddable":true,"href":"https:\/\/savourerlavie.org\/index.php\/wp-json\/wp\/v2\/users\/1"}],"replies":[{"embeddable":true,"href":"https:\/\/savourerlavie.org\/index.php\/wp-json\/wp\/v2\/comments?post=21"}],"version-history":[{"count":15,"href":"https:\/\/savourerlavie.org\/index.php\/wp-json\/wp\/v2\/pages\/21\/revisions"}],"predecessor-version":[{"id":96,"href":"https:\/\/savourerlavie.org\/index.php\/wp-json\/wp\/v2\/pages\/21\/revisions\/96"}],"wp:attachment":[{"href":"https:\/\/savourerlavie.org\/index.php\/wp-json\/wp\/v2\/media?parent=21"}],"curies":[{"name":"wp","href":"https:\/\/api.w.org\/{rel}","templated":true}]}}